{"id":32,"date":"2014-09-12T15:33:47","date_gmt":"2014-09-12T13:33:47","guid":{"rendered":"http:\/\/www.quatuor-du-bourg.ch\/?page_id=32"},"modified":"2023-01-09T16:00:53","modified_gmt":"2023-01-09T15:00:53","slug":"le-quatuor-du-bourg","status":"publish","type":"page","link":"https:\/\/www.quatuor-du-bourg.ch\/","title":{"rendered":"Bienvenue"},"content":{"rendered":"<p style=\"text-align: justify;\" align=\"justify\"><a href=\"\/wp-uploads\/Logo_quatuor.png\"><img loading=\"lazy\" decoding=\"async\" class=\"wp-image-386 alignleft\" src=\"\/wp-uploads\/Logo_quatuor-260x300.png\" alt=\"Logo_quatuor\" width=\"128\" height=\"147\" srcset=\"https:\/\/www.quatuor-du-bourg.ch\/wp-content\/uploads\/Logo_quatuor-260x300.png 260w, https:\/\/www.quatuor-du-bourg.ch\/wp-content\/uploads\/Logo_quatuor.png 339w\" sizes=\"auto, (max-width: 128px) 100vw, 128px\" \/><\/a><\/p>\n<p style=\"text-align: justify;\" align=\"justify\">Le Quatuor du Bourg a \u00e9t\u00e9 fond\u00e9 en 1994 avec Myriam Ducret, soprano, Sarah Currat, alto, Marc Agustoni, t\u00e9nor et Jean-Claude Fasel, basse. Il a particip\u00e9 dans un premier temps \u00e0 des concerts priv\u00e9s sur invitation avant de se produire \u00e0 l&rsquo;occasion de divers concerts, seul ou avec d&rsquo;autres formations lors d&rsquo;\u00e9v\u00e9nements tels que la F\u00eate de la Musique.&nbsp;Il recherche avant tout la musicalit\u00e9 et la justesse de ses interpr\u00e9tations et des lieux adapt\u00e9s \u00e0 la musique en quatuor.<\/p>\n<p style=\"text-align: justify;\" align=\"justify\">Il est compos\u00e9 actuellement de Myriam Ducret, soprano, Sophie Men\u00e9trey, alto, Marc Agustoni, t\u00e9nor, Roland Demi\u00e9ville, baryton. Les quatre chanteurs ont pour objectif de pr\u00e9senter des \u0153uvres vari\u00e9es adapt\u00e9es \u00e0 la formation de quatuor mixte et surtout l\u2019envie de partager le plaisir de la musique.<\/p>\n<p style=\"text-align: justify;\" align=\"justify\">Le <a href=\"https:\/\/www.quatuor-du-bourg.ch\/?page_id=229\">r\u00e9pertoire<\/a> du Quatuor comprend des pi\u00e8ces de la Renaissance, classiques, romantiques et populaires de diff\u00e9rents pays.<\/p>\n","protected":false},"excerpt":{"rendered":"<p>Le Quatuor du Bourg a \u00e9t\u00e9 fond\u00e9 en 1994 avec Myriam Ducret, soprano, Sarah Currat, alto, Marc Agustoni, t\u00e9nor et Jean-Claude Fasel, basse. Il a particip\u00e9 dans un premier temps \u00e0 des concerts priv\u00e9s sur invitation avant de se produire \u00e0 l&rsquo;occasion de divers concerts, seul ou avec d&rsquo;autres formations lors d&rsquo;\u00e9v\u00e9nements tels que la &hellip; <\/p>\n<p class=\"link-more\"><a href=\"https:\/\/www.quatuor-du-bourg.ch\/\" class=\"more-link\">Continuer la lecture<span class=\"screen-reader-text\"> de &laquo;&nbsp;Bienvenue&nbsp;&raquo;<\/span><\/a><\/p>\n","protected":false},"author":2,"featured_media":0,"parent":0,"menu_order":0,"comment_status":"closed","ping_status":"open","template":"","meta":{"footnotes":""},"class_list":["post-32","page","type-page","status-publish","hentry"],"_links":{"self":[{"href":"https:\/\/www.quatuor-du-bourg.ch\/index.php?rest_route=\/wp\/v2\/pages\/32","targetHints":{"allow":["GET"]}}],"collection":[{"href":"https:\/\/www.quatuor-du-bourg.ch\/index.php?rest_route=\/wp\/v2\/pages"}],"about":[{"href":"https:\/\/www.quatuor-du-bourg.ch\/index.php?rest_route=\/wp\/v2\/types\/page"}],"author":[{"embeddable":true,"href":"https:\/\/www.quatuor-du-bourg.ch\/index.php?rest_route=\/wp\/v2\/users\/2"}],"replies":[{"embeddable":true,"href":"https:\/\/www.quatuor-du-bourg.ch\/index.php?rest_route=%2Fwp%2Fv2%2Fcomments&post=32"}],"version-history":[{"count":79,"href":"https:\/\/www.quatuor-du-bourg.ch\/index.php?rest_route=\/wp\/v2\/pages\/32\/revisions"}],"predecessor-version":[{"id":526,"href":"https:\/\/www.quatuor-du-bourg.ch\/index.php?rest_route=\/wp\/v2\/pages\/32\/revisions\/526"}],"wp:attachment":[{"href":"https:\/\/www.quatuor-du-bourg.ch\/index.php?rest_route=%2Fwp%2Fv2%2Fmedia&parent=32"}],"curies":[{"name":"wp","href":"https:\/\/api.w.org\/{rel}","templated":true}]}}