{"id":86,"date":"2014-09-27T23:13:26","date_gmt":"2014-09-27T21:13:26","guid":{"rendered":"http:\/\/www.quatuor-du-bourg.ch\/?page_id=86"},"modified":"2017-10-14T15:57:56","modified_gmt":"2017-10-14T13:57:56","slug":"contact","status":"publish","type":"page","link":"https:\/\/www.quatuor-du-bourg.ch\/?page_id=86","title":{"rendered":"Contact"},"content":{"rendered":"<p>[form form-1]<\/p>\n<p>&nbsp;<\/p>\n<p>Vous pouvez \u00e9galement contacter Marc Agustoni par t\u00e9l\u00e9phone au 079\/467.55.88<\/p>\n","protected":false},"excerpt":{"rendered":"<p>[form form-1] &nbsp; Vous pouvez \u00e9galement contacter Marc Agustoni par t\u00e9l\u00e9phone au 079\/467.55.88<\/p>\n","protected":false},"author":2,"featured_media":0,"parent":0,"menu_order":0,"comment_status":"closed","ping_status":"open","template":"","meta":{"footnotes":""},"class_list":["post-86","page","type-page","status-publish","hentry"],"_links":{"self":[{"href":"https:\/\/www.quatuor-du-bourg.ch\/index.php?rest_route=\/wp\/v2\/pages\/86","targetHints":{"allow":["GET"]}}],"collection":[{"href":"https:\/\/www.quatuor-du-bourg.ch\/index.php?rest_route=\/wp\/v2\/pages"}],"about":[{"href":"https:\/\/www.quatuor-du-bourg.ch\/index.php?rest_route=\/wp\/v2\/types\/page"}],"author":[{"embeddable":true,"href":"https:\/\/www.quatuor-du-bourg.ch\/index.php?rest_route=\/wp\/v2\/users\/2"}],"replies":[{"embeddable":true,"href":"https:\/\/www.quatuor-du-bourg.ch\/index.php?rest_route=%2Fwp%2Fv2%2Fcomments&post=86"}],"version-history":[{"count":8,"href":"https:\/\/www.quatuor-du-bourg.ch\/index.php?rest_route=\/wp\/v2\/pages\/86\/revisions"}],"predecessor-version":[{"id":430,"href":"https:\/\/www.quatuor-du-bourg.ch\/index.php?rest_route=\/wp\/v2\/pages\/86\/revisions\/430"}],"wp:attachment":[{"href":"https:\/\/www.quatuor-du-bourg.ch\/index.php?rest_route=%2Fwp%2Fv2%2Fmedia&parent=86"}],"curies":[{"name":"wp","href":"https:\/\/api.w.org\/{rel}","templated":true}]}}